{"id":120,"date":"2020-05-08T11:23:44","date_gmt":"2020-05-08T11:23:44","guid":{"rendered":"https:\/\/addictedtocaffeine.hu\/shop\/?post_type=product&#038;p=120"},"modified":"2026-04-16T12:28:48","modified_gmt":"2026-04-16T12:28:48","slug":"colonna-coffee-rare-short-capsule-coffee","status":"publish","type":"product","link":"https:\/\/addictedtocaffeine.hu\/shop\/termek\/colonna-coffee-rare-short-capsule-coffee\/","title":{"rendered":"Colonna Coffee &#8211; Rare &#8211; Short capsule coffee"},"content":{"rendered":"<p><strong>Term\u0151ter\u00fclet:<\/strong> Aquiares Centroamericano &#8211; Costa Rica<\/p>\n<p><strong>P\u00f6rk\u00f6l\u00e9s t\u00edpusa:<\/strong> Nespresso kompatibilis kapszula<\/p>\n<p><strong>Lej\u00e1rat:<\/strong> 2024.08.<\/p>\n<p><strong>Kiszerel\u00e9s:<\/strong> 10 db kapszula<\/p>\n<p><strong>Le\u00edr\u00e1s:<\/strong> Nespresso kompatibilis, \u00fajrahasznos\u00edthat\u00f3 anyagb\u00f3l k\u00e9sz\u00fclt kapszula sz\u00e1raz anaerob feldolgoz\u00e1ssal, gy\u00fcm\u00f6lcs\u00f6s, mal\u00e1t\u00e1s \u00edzjegyekkel. Javasolt eszpressz\u00f3 mennyis\u00e9g: 25 g.<\/p>\n","protected":false},"excerpt":{"rendered":"<p>Term\u0151ter\u00fclet: Aquiares Centroamericano &#8211; Costa Rica P\u00f6rk\u00f6l\u00e9s t\u00edpusa: Nespresso kompatibilis kapszula Lej\u00e1rat: 2024.08. Kiszerel\u00e9s: 10 db kapszula Le\u00edr\u00e1s: Nespresso kompatibilis, \u00fajrahasznos\u00edthat\u00f3 anyagb\u00f3l k\u00e9sz\u00fclt kapszula sz\u00e1raz anaerob feldolgoz\u00e1ssal, gy\u00fcm\u00f6lcs\u00f6s, mal\u00e1t\u00e1s \u00edzjegyekkel. Javasolt eszpressz\u00f3 mennyis\u00e9g: 25 g.<\/p>\n","protected":false},"featured_media":613,"template":"","meta":[],"product_brand":[],"product_cat":[40],"product_tag":[41,63,64,127,34,43,69,67,22],"class_list":{"0":"post-120","1":"product","2":"type-product","3":"status-publish","4":"has-post-thumbnail","6":"product_cat-kapszula","7":"product_tag-capsule","8":"product_tag-colonna","9":"product_tag-colonna-coffee","10":"product_tag-ecuador","11":"product_tag-honey-processed","12":"product_tag-kapszula","13":"product_tag-rare","14":"product_tag-short","15":"product_tag-specialty","17":"first","18":"instock","19":"shipping-taxable","20":"purchasable","21":"product-type-simple"},"_links":{"self":[{"href":"https:\/\/addictedtocaffeine.hu\/shop\/wp-json\/wp\/v2\/product\/120","targetHints":{"allow":["GET"]}}],"collection":[{"href":"https:\/\/addictedtocaffeine.hu\/shop\/wp-json\/wp\/v2\/product"}],"about":[{"href":"https:\/\/addictedtocaffeine.hu\/shop\/wp-json\/wp\/v2\/types\/product"}],"wp:featuredmedia":[{"embeddable":true,"href":"https:\/\/addictedtocaffeine.hu\/shop\/wp-json\/wp\/v2\/media\/613"}],"wp:attachment":[{"href":"https:\/\/addictedtocaffeine.hu\/shop\/wp-json\/wp\/v2\/media?parent=120"}],"wp:term":[{"taxonomy":"product_brand","embeddable":true,"href":"https:\/\/addictedtocaffeine.hu\/shop\/wp-json\/wp\/v2\/product_brand?post=120"},{"taxonomy":"product_cat","embeddable":true,"href":"https:\/\/addictedtocaffeine.hu\/shop\/wp-json\/wp\/v2\/product_cat?post=120"},{"taxonomy":"product_tag","embeddable":true,"href":"https:\/\/addictedtocaffeine.hu\/shop\/wp-json\/wp\/v2\/product_tag?post=120"}],"curies":[{"name":"wp","href":"https:\/\/api.w.org\/{rel}","templated":true}]}}