{"id":671,"date":"2026-04-22T18:22:30","date_gmt":"2026-04-22T18:22:30","guid":{"rendered":"https:\/\/addictedtocaffeine.hu\/shop\/?post_type=product&#038;p=671"},"modified":"2026-05-03T18:38:31","modified_gmt":"2026-05-03T18:38:31","slug":"miklos-csabi-borkostolo-az-addictedben","status":"publish","type":"product","link":"https:\/\/addictedtocaffeine.hu\/shop\/termek\/miklos-csabi-borkostolo-az-addictedben\/","title":{"rendered":"Mikl\u00f3s Csabi bork\u00f3stol\u00f3 az Addictedben"},"content":{"rendered":"<p>K\u00f3stolj bort a bor\u00e1sszal!<\/p>\n<p>M\u00e1jus 6-\u00e1n egy k\u00f6tetlen bork\u00f3stol\u00f3 keret\u00e9ben ismerkedhetsz meg a m\u00f3ri Mikl\u00f3s Csabi Pinc\u00e9szet boraival, melyeket maga a bor\u00e1sz fog bemutatni az \u00e9rdekl\u0151d\u0151knek. Sz\u00e1mtalan t\u00f6rt\u00e9net, \u00edz \u00e9s illat egy kellemes este keret\u00e9ben, ahol a pinc\u00e9szet 8 fajta bor\u00e1n a bor\u00e1sz maga kalauzol v\u00e9gig.<\/p>\n<p>Id\u0151pont: 2026. m\u00e1jus 6. 19 \u00f3ra<\/p>\n<p>Helysz\u00edn: Addiced to Caffeine, 1114 Budapest, Bart\u00f3k B\u00e9la \u00fat 62-64.<\/p>\n<p>\u00c1r: 8990 Ft\/f\u0151, mely tartalmazza a 8 f\u00e9le bor k\u00f3stol\u00e1s\u00e1t, egy k\u00f3stol\u00f3t\u00e1lk\u00e1t, valamint korl\u00e1tlan sz\u00f3dafogyaszt\u00e1st a program sor\u00e1n.<\/p>\n<p>Jegyek a foglal\u00e1s gombra kattintva online (sz\u00e1ll\u00edt\u00e1sn\u00e1l a szem\u00e9lyes \u00e1tv\u00e9telt jel\u00f6ld be) vagy szem\u00e9lyesen a k\u00e1v\u00e9z\u00f3ban v\u00e1s\u00e1rolhat\u00f3k.<\/p>\n<p>A programv\u00e1ltoz\u00e1s jog\u00e1t fenntartjuk!<\/p>\n","protected":false},"excerpt":{"rendered":"<p>K\u00f3stolj bort a bor\u00e1sszal! M\u00e1jus 6-\u00e1n egy k\u00f6tetlen bork\u00f3stol\u00f3 keret\u00e9ben ismerkedhetsz meg a m\u00f3ri Mikl\u00f3s Csabi Pinc\u00e9szet boraival, melyeket maga a bor\u00e1sz fog bemutatni az \u00e9rdekl\u0151d\u0151knek. Sz\u00e1mtalan t\u00f6rt\u00e9net, \u00edz \u00e9s illat egy kellemes este keret\u00e9ben, ahol a pinc\u00e9szet 8 fajta bor\u00e1n a bor\u00e1sz maga kalauzol v\u00e9gig. Id\u0151pont: 2026. m\u00e1jus 6. 19 \u00f3ra Helysz\u00edn: Addiced to [&hellip;]<\/p>\n","protected":false},"featured_media":672,"template":"","meta":[],"product_brand":[],"product_cat":[199],"product_tag":[],"class_list":{"0":"post-671","1":"product","2":"type-product","3":"status-publish","4":"has-post-thumbnail","6":"product_cat-esemeny","8":"first","9":"instock","10":"shipping-taxable","11":"purchasable","12":"product-type-simple"},"jetpack_sharing_enabled":true,"_links":{"self":[{"href":"https:\/\/addictedtocaffeine.hu\/shop\/wp-json\/wp\/v2\/product\/671","targetHints":{"allow":["GET"]}}],"collection":[{"href":"https:\/\/addictedtocaffeine.hu\/shop\/wp-json\/wp\/v2\/product"}],"about":[{"href":"https:\/\/addictedtocaffeine.hu\/shop\/wp-json\/wp\/v2\/types\/product"}],"wp:featuredmedia":[{"embeddable":true,"href":"https:\/\/addictedtocaffeine.hu\/shop\/wp-json\/wp\/v2\/media\/672"}],"wp:attachment":[{"href":"https:\/\/addictedtocaffeine.hu\/shop\/wp-json\/wp\/v2\/media?parent=671"}],"wp:term":[{"taxonomy":"product_brand","embeddable":true,"href":"https:\/\/addictedtocaffeine.hu\/shop\/wp-json\/wp\/v2\/product_brand?post=671"},{"taxonomy":"product_cat","embeddable":true,"href":"https:\/\/addictedtocaffeine.hu\/shop\/wp-json\/wp\/v2\/product_cat?post=671"},{"taxonomy":"product_tag","embeddable":true,"href":"https:\/\/addictedtocaffeine.hu\/shop\/wp-json\/wp\/v2\/product_tag?post=671"}],"curies":[{"name":"wp","href":"https:\/\/api.w.org\/{rel}","templated":true}]}}